{"id":59,"date":"2025-04-28T19:31:29","date_gmt":"2025-04-28T19:31:29","guid":{"rendered":"https:\/\/hageskatt.no\/?page_id=59"},"modified":"2026-03-18T11:13:58","modified_gmt":"2026-03-18T11:13:58","slug":"prisliste","status":"publish","type":"page","link":"https:\/\/hageskatt.no\/index.php\/prisliste\/","title":{"rendered":"TJENESTER"},"content":{"rendered":"\n<div class=\"wp-block-group alignfull has-contrast-color has-text-color has-link-color wp-elements-301813957cdf1d0a08230c63dad64fb9 has-global-padding is-layout-constrained wp-container-core-group-is-layout-23b1a4dc wp-block-group-is-layout-constrained\" style=\"padding-top:var(--wp--preset--spacing--30);padding-right:var(--wp--preset--spacing--30);padding-bottom:var(--wp--preset--spacing--30);padding-left:var(--wp--preset--spacing--30)\">\n<p><\/p>\n\n\n\n<div class=\"wp-block-group alignwide is-content-justification-space-between is-layout-flex wp-container-core-group-is-layout-b585a4aa wp-block-group-is-layout-flex\">\n<div class=\"wp-block-group is-layout-flex wp-container-core-group-is-layout-7a92790e wp-block-group-is-layout-flex\">\n<h2 class=\"wp-block-heading\"><\/h2>\n<\/div>\n\n\n<nav class=\"has-small-font-size is-responsive items-justified-right wp-block-navigation is-content-justification-right is-layout-flex wp-container-core-navigation-is-layout-f665d2b5 wp-block-navigation-is-layout-flex\" aria-label=\"Meny 3\" \n\t\t data-wp-interactive=\"core\/navigation\" data-wp-context='{\"overlayOpenedBy\":{\"click\":false,\"hover\":false,\"focus\":false},\"type\":\"overlay\",\"roleAttribute\":\"\",\"ariaLabel\":\"Meny\"}'><button aria-haspopup=\"dialog\" aria-label=\"\u00c5pne meny\" class=\"wp-block-navigation__responsive-container-open\" \n\t\t\t\tdata-wp-on--click=\"actions.openMenuOnClick\"\n\t\t\t\tdata-wp-on--keydown=\"actions.handleMenuKeydown\"\n\t\t\t><svg width=\"24\" height=\"24\" xmlns=\"http:\/\/www.w3.org\/2000\/svg\" viewBox=\"0 0 24 24\" aria-hidden=\"true\" focusable=\"false\"><path d=\"M4 7.5h16v1.5H4z\"><\/path><path d=\"M4 15h16v1.5H4z\"><\/path><\/svg><\/button>\n\t\t\t\t<div class=\"wp-block-navigation__responsive-container\"  id=\"modal-1\" \n\t\t\t\tdata-wp-class--has-modal-open=\"state.isMenuOpen\"\n\t\t\t\tdata-wp-class--is-menu-open=\"state.isMenuOpen\"\n\t\t\t\tdata-wp-watch=\"callbacks.initMenu\"\n\t\t\t\tdata-wp-on--keydown=\"actions.handleMenuKeydown\"\n\t\t\t\tdata-wp-on--focusout=\"actions.handleMenuFocusout\"\n\t\t\t\ttabindex=\"-1\"\n\t\t\t>\n\t\t\t\t\t<div class=\"wp-block-navigation__responsive-close\" tabindex=\"-1\">\n\t\t\t\t\t\t<div class=\"wp-block-navigation__responsive-dialog\" \n\t\t\t\tdata-wp-bind--aria-modal=\"state.ariaModal\"\n\t\t\t\tdata-wp-bind--aria-label=\"state.ariaLabel\"\n\t\t\t\tdata-wp-bind--role=\"state.roleAttribute\"\n\t\t\t>\n\t\t\t\t\t\t\t<button aria-label=\"Lukk meny\" class=\"wp-block-navigation__responsive-container-close\" \n\t\t\t\tdata-wp-on--click=\"actions.closeMenuOnClick\"\n\t\t\t><svg xmlns=\"http:\/\/www.w3.org\/2000\/svg\" viewBox=\"0 0 24 24\" width=\"24\" height=\"24\" aria-hidden=\"true\" focusable=\"false\"><path d=\"m13.06 12 6.47-6.47-1.06-1.06L12 10.94 5.53 4.47 4.47 5.53 10.94 12l-6.47 6.47 1.06 1.06L12 13.06l6.47 6.47 1.06-1.06L13.06 12Z\"><\/path><\/svg><\/button>\n\t\t\t\t\t\t\t<div class=\"wp-block-navigation__responsive-container-content\" \n\t\t\t\tdata-wp-watch=\"callbacks.focusFirstElement\"\n\t\t\t id=\"modal-1-content\">\n\t\t\t\t\t\t\t\t\n<div class=\"wp-block-buttons is-layout-flex wp-block-buttons-is-layout-flex\">\n<div class=\"wp-block-button is-style-fill\"><a class=\"wp-block-button__link has-base-color has-contrast-background-color has-text-color has-background has-link-color wp-element-button\" href=\"https:\/\/www.facebook.com\/profile.php?id=61573389684532\">Facebook<\/a><\/div>\n<\/div>\n\n<div class=\"wp-block-buttons is-layout-flex wp-block-buttons-is-layout-flex\">\n<div class=\"wp-block-button\"><a class=\"wp-block-button__link has-base-color has-contrast-background-color has-text-color has-background has-link-color wp-element-button\" href=\"https:\/\/www.instagram.com\/hageskatt?igsh=NXQ5bGRzNGRjcm4y&amp;utm_source=qr\">Instagram<\/a><\/div>\n<\/div>\n\n<div class=\"wp-block-buttons is-layout-flex wp-block-buttons-is-layout-flex\">\n<div class=\"wp-block-button\"><a class=\"wp-block-button__link has-base-color has-contrast-background-color has-text-color has-background has-link-color wp-element-button\" href=\"https:\/\/hageskatt.no\/index.php\/prisliste\/\">Tjenester<\/a><\/div>\n<\/div>\n\n<div class=\"wp-block-buttons is-layout-flex wp-block-buttons-is-layout-flex\">\n<div class=\"wp-block-button\"><a class=\"wp-block-button__link has-base-color has-contrast-background-color has-text-color has-background has-link-color wp-element-button\" href=\"https:\/\/hageskatt.no\/\">HAGESKATT<\/a><\/div>\n<\/div>\n<ul class=\"wp-block-navigation__container has-small-font-size is-responsive items-justified-right wp-block-navigation has-small-font-size\"><li class=\"has-small-font-size wp-block-navigation-item wp-block-navigation-link\"><a class=\"wp-block-navigation-item__content\"  href=\"https:\/\/hageskatt.no\/index.php\/om-meg\/\"><span class=\"wp-block-navigation-item__label\">Om meg<\/span><\/a><\/li><li class=\"has-small-font-size wp-block-navigation-item wp-block-navigation-link\"><a class=\"wp-block-navigation-item__content\"  href=\"https:\/\/hageskatt.no\/index.php\/prosjekter\/\"><span class=\"wp-block-navigation-item__label\">PROSJEKTER<\/span><\/a><\/li><\/ul>\n\t\t\t\t\t\t\t<\/div>\n\t\t\t\t\t\t<\/div>\n\t\t\t\t\t<\/div>\n\t\t\t\t<\/div><\/nav><\/div>\n<\/div>\n\n\n\n<div class=\"wp-block-group alignfull has-accent-2-background-color has-background has-global-padding is-layout-constrained wp-container-core-group-is-layout-669513ed wp-block-group-is-layout-constrained\" style=\"margin-top:0;margin-bottom:0;padding-top:var(--wp--preset--spacing--50);padding-right:var(--wp--preset--spacing--50);padding-bottom:var(--wp--preset--spacing--50);padding-left:var(--wp--preset--spacing--50)\">\n<div class=\"wp-block-group alignwide has-global-padding is-layout-constrained wp-block-group-is-layout-constrained\">\n<div class=\"wp-block-columns alignwide is-layout-flex wp-container-core-columns-is-layout-28f84493 wp-block-columns-is-layout-flex\">\n<div class=\"wp-block-column is-layout-flow wp-block-column-is-layout-flow\">\n<p>Designkonsultasjon<br>En grundig gjennomgang av eiendommen med fokus p\u00e5 muligheter og retning.<br><strong>Pris: 2 500 kr<\/strong><br><br>Konseptdesign<br>Et visuelt og strategisk utgangspunkt for hagen.<br>Sonedeling<br>Stil og uttrykk<br>Overordnet struktur<br><strong>Pris: fra 5 000 kr<\/strong><br><br>Helhetlig hagedesign<br>En komplett designprosess for deg som \u00f8nsker en gjennomf\u00f8rt hage.<br>M\u00e5lsatt tegning<br>Planteplan<br>Materialvalg<br>Helhetlig uttrykk<br><strong>Pris: 25 000 \u2013 60 000 kr<\/strong><br><br>Prosjektoppf\u00f8lging<br>Oppf\u00f8lging fra id\u00e9 til ferdig resultat.<br><strong>Pris: fra 1 200 kr\/time<\/strong>D<\/p>\n<\/div>\n<\/div>\n<\/div>\n\n\n\n<div style=\"height:var(--wp--preset--spacing--40)\" aria-hidden=\"true\" class=\"wp-block-spacer\"><\/div>\n<\/div>\n\n\n\n<div class=\"wp-block-group alignfull has-global-padding is-layout-constrained wp-container-core-group-is-layout-eb524166 wp-block-group-is-layout-constrained\" style=\"padding-top:var(--wp--preset--spacing--40);padding-right:var(--wp--preset--spacing--30);padding-bottom:var(--wp--preset--spacing--40);padding-left:var(--wp--preset--spacing--30)\">\n<div class=\"wp-block-group alignwide is-vertical is-content-justification-center is-layout-flex wp-container-core-group-is-layout-734eb2c2 wp-block-group-is-layout-flex\"><div class=\"is-default-size wp-block-site-logo\"><a href=\"https:\/\/hageskatt.no\/\" class=\"custom-logo-link\" rel=\"home\"><img loading=\"lazy\" decoding=\"async\" width=\"1017\" height=\"1021\" src=\"https:\/\/hageskatt.no\/wp-content\/uploads\/2025\/10\/Simple-Aesthetic-Elegant-Minimalist-Logo-\u2013-Logo-1.jpeg\" class=\"custom-logo\" alt=\"HAGESKATT\" srcset=\"https:\/\/hageskatt.no\/wp-content\/uploads\/2025\/10\/Simple-Aesthetic-Elegant-Minimalist-Logo-\u2013-Logo-1.jpeg 1017w, https:\/\/hageskatt.no\/wp-content\/uploads\/2025\/10\/Simple-Aesthetic-Elegant-Minimalist-Logo-\u2013-Logo-1-300x300.jpeg 300w, https:\/\/hageskatt.no\/wp-content\/uploads\/2025\/10\/Simple-Aesthetic-Elegant-Minimalist-Logo-\u2013-Logo-1-150x150.jpeg 150w, https:\/\/hageskatt.no\/wp-content\/uploads\/2025\/10\/Simple-Aesthetic-Elegant-Minimalist-Logo-\u2013-Logo-1-768x771.jpeg 768w\" sizes=\"auto, (max-width: 1017px) 100vw, 1017px\" \/><\/a><\/div>\n\n<h1 class=\"has-link-color wp-elements-9728cce79011b64628d7f6beff066787 wp-block-site-title has-text-color has-contrast-color has-large-font-size\"><a href=\"https:\/\/hageskatt.no\" target=\"_self\" rel=\"home\">HAGESKATT<\/a><\/h1>\n\n<nav class=\"is-responsive items-justified-center wp-block-navigation is-content-justification-center is-layout-flex wp-container-core-navigation-is-layout-64ede673 wp-block-navigation-is-layout-flex\" aria-label=\"Meny 3 2\" \n\t\t data-wp-interactive=\"core\/navigation\" data-wp-context='{\"overlayOpenedBy\":{\"click\":false,\"hover\":false,\"focus\":false},\"type\":\"overlay\",\"roleAttribute\":\"\",\"ariaLabel\":\"Meny\"}'><button aria-haspopup=\"dialog\" aria-label=\"\u00c5pne meny\" class=\"wp-block-navigation__responsive-container-open\" \n\t\t\t\tdata-wp-on--click=\"actions.openMenuOnClick\"\n\t\t\t\tdata-wp-on--keydown=\"actions.handleMenuKeydown\"\n\t\t\t><svg width=\"24\" height=\"24\" xmlns=\"http:\/\/www.w3.org\/2000\/svg\" viewBox=\"0 0 24 24\" aria-hidden=\"true\" focusable=\"false\"><path d=\"M4 7.5h16v1.5H4z\"><\/path><path d=\"M4 15h16v1.5H4z\"><\/path><\/svg><\/button>\n\t\t\t\t<div class=\"wp-block-navigation__responsive-container\"  id=\"modal-2\" \n\t\t\t\tdata-wp-class--has-modal-open=\"state.isMenuOpen\"\n\t\t\t\tdata-wp-class--is-menu-open=\"state.isMenuOpen\"\n\t\t\t\tdata-wp-watch=\"callbacks.initMenu\"\n\t\t\t\tdata-wp-on--keydown=\"actions.handleMenuKeydown\"\n\t\t\t\tdata-wp-on--focusout=\"actions.handleMenuFocusout\"\n\t\t\t\ttabindex=\"-1\"\n\t\t\t>\n\t\t\t\t\t<div class=\"wp-block-navigation__responsive-close\" tabindex=\"-1\">\n\t\t\t\t\t\t<div class=\"wp-block-navigation__responsive-dialog\" \n\t\t\t\tdata-wp-bind--aria-modal=\"state.ariaModal\"\n\t\t\t\tdata-wp-bind--aria-label=\"state.ariaLabel\"\n\t\t\t\tdata-wp-bind--role=\"state.roleAttribute\"\n\t\t\t>\n\t\t\t\t\t\t\t<button aria-label=\"Lukk meny\" class=\"wp-block-navigation__responsive-container-close\" \n\t\t\t\tdata-wp-on--click=\"actions.closeMenuOnClick\"\n\t\t\t><svg xmlns=\"http:\/\/www.w3.org\/2000\/svg\" viewBox=\"0 0 24 24\" width=\"24\" height=\"24\" aria-hidden=\"true\" focusable=\"false\"><path d=\"m13.06 12 6.47-6.47-1.06-1.06L12 10.94 5.53 4.47 4.47 5.53 10.94 12l-6.47 6.47 1.06 1.06L12 13.06l6.47 6.47 1.06-1.06L13.06 12Z\"><\/path><\/svg><\/button>\n\t\t\t\t\t\t\t<div class=\"wp-block-navigation__responsive-container-content\" \n\t\t\t\tdata-wp-watch=\"callbacks.focusFirstElement\"\n\t\t\t id=\"modal-2-content\">\n\t\t\t\t\t\t\t\t\n<div class=\"wp-block-buttons is-layout-flex wp-block-buttons-is-layout-flex\">\n<div class=\"wp-block-button is-style-fill\"><a class=\"wp-block-button__link has-base-color has-contrast-background-color has-text-color has-background has-link-color wp-element-button\" href=\"https:\/\/www.facebook.com\/profile.php?id=61573389684532\">Facebook<\/a><\/div>\n<\/div>\n\n<div class=\"wp-block-buttons is-layout-flex wp-block-buttons-is-layout-flex\">\n<div class=\"wp-block-button\"><a class=\"wp-block-button__link has-base-color has-contrast-background-color has-text-color has-background has-link-color wp-element-button\" href=\"https:\/\/www.instagram.com\/hageskatt?igsh=NXQ5bGRzNGRjcm4y&amp;utm_source=qr\">Instagram<\/a><\/div>\n<\/div>\n\n<div class=\"wp-block-buttons is-layout-flex wp-block-buttons-is-layout-flex\">\n<div class=\"wp-block-button\"><a class=\"wp-block-button__link has-base-color has-contrast-background-color has-text-color has-background has-link-color wp-element-button\" href=\"https:\/\/hageskatt.no\/index.php\/prisliste\/\">Tjenester<\/a><\/div>\n<\/div>\n\n<div class=\"wp-block-buttons is-layout-flex wp-block-buttons-is-layout-flex\">\n<div class=\"wp-block-button\"><a class=\"wp-block-button__link has-base-color has-contrast-background-color has-text-color has-background has-link-color wp-element-button\" href=\"https:\/\/hageskatt.no\/\">HAGESKATT<\/a><\/div>\n<\/div>\n<ul class=\"wp-block-navigation__container is-responsive items-justified-center wp-block-navigation\"><li class=\" wp-block-navigation-item wp-block-navigation-link\"><a class=\"wp-block-navigation-item__content\"  href=\"https:\/\/hageskatt.no\/index.php\/om-meg\/\"><span class=\"wp-block-navigation-item__label\">Om meg<\/span><\/a><\/li><li class=\" wp-block-navigation-item wp-block-navigation-link\"><a class=\"wp-block-navigation-item__content\"  href=\"https:\/\/hageskatt.no\/index.php\/prosjekter\/\"><span class=\"wp-block-navigation-item__label\">PROSJEKTER<\/span><\/a><\/li><\/ul>\n\t\t\t\t\t\t\t<\/div>\n\t\t\t\t\t\t<\/div>\n\t\t\t\t\t<\/div>\n\t\t\t\t<\/div><\/nav><\/div>\n<\/div>\n","protected":false},"excerpt":{"rendered":"<p>DesignkonsultasjonEn grundig gjennomgang av eiendommen med fokus p\u00e5 muligheter og retning.Pris: 2 500 kr KonseptdesignEt visuelt og strategisk utgangspunkt for hagen.SonedelingStil og uttrykkOverordnet strukturPris: fra 5 000 kr Helhetlig hagedesignEn komplett designprosess for deg som \u00f8nsker en gjennomf\u00f8rt hage.M\u00e5lsatt tegningPlanteplanMaterialvalgHelhetlig uttrykkPris: 25 000 \u2013 60 000 kr Prosjektoppf\u00f8lgingOppf\u00f8lging fra id\u00e9 til ferdig resultat.Pris: fra 1 [&hellip;]<\/p>\n","protected":false},"author":1,"featured_media":0,"parent":0,"menu_order":0,"comment_status":"closed","ping_status":"closed","template":"","meta":{"footnotes":""},"class_list":["post-59","page","type-page","status-publish","hentry"],"_links":{"self":[{"href":"https:\/\/hageskatt.no\/index.php\/wp-json\/wp\/v2\/pages\/59","targetHints":{"allow":["GET"]}}],"collection":[{"href":"https:\/\/hageskatt.no\/index.php\/wp-json\/wp\/v2\/pages"}],"about":[{"href":"https:\/\/hageskatt.no\/index.php\/wp-json\/wp\/v2\/types\/page"}],"author":[{"embeddable":true,"href":"https:\/\/hageskatt.no\/index.php\/wp-json\/wp\/v2\/users\/1"}],"replies":[{"embeddable":true,"href":"https:\/\/hageskatt.no\/index.php\/wp-json\/wp\/v2\/comments?post=59"}],"version-history":[{"count":14,"href":"https:\/\/hageskatt.no\/index.php\/wp-json\/wp\/v2\/pages\/59\/revisions"}],"predecessor-version":[{"id":157,"href":"https:\/\/hageskatt.no\/index.php\/wp-json\/wp\/v2\/pages\/59\/revisions\/157"}],"wp:attachment":[{"href":"https:\/\/hageskatt.no\/index.php\/wp-json\/wp\/v2\/media?parent=59"}],"curies":[{"name":"wp","href":"https:\/\/api.w.org\/{rel}","templated":true}]}}