{"id":131,"date":"2026-03-18T11:42:13","date_gmt":"2026-03-18T11:42:13","guid":{"rendered":"https:\/\/hageskatt.no\/?page_id=131"},"modified":"2026-03-18T11:42:13","modified_gmt":"2026-03-18T11:42:13","slug":"om-meg","status":"publish","type":"page","link":"https:\/\/hageskatt.no\/index.php\/om-meg\/","title":{"rendered":"Om meg"},"content":{"rendered":"\n<p>Jeg arbeider med hagedesign med fokus p\u00e5 estetikk, funksjon og varige l\u00f8sninger.<\/p>\n\n\n\n<p>M\u00e5let er \u00e5 skape uterom som oppleves naturlige, rolige og gjennomf\u00f8rte \u2013 tilpasset b\u00e5de eiendom og mennesker.<\/p>\n\n\n\n<p><\/p>\n\n\n\n<figure class=\"wp-block-image aligncenter size-full\"><img loading=\"lazy\" decoding=\"async\" width=\"240\" height=\"320\" src=\"https:\/\/hageskatt.no\/wp-content\/uploads\/2026\/03\/IMG_0610-Liten.jpeg\" alt=\"\" class=\"wp-image-165\" srcset=\"https:\/\/hageskatt.no\/wp-content\/uploads\/2026\/03\/IMG_0610-Liten.jpeg 240w, https:\/\/hageskatt.no\/wp-content\/uploads\/2026\/03\/IMG_0610-Liten-225x300.jpeg 225w\" sizes=\"auto, (max-width: 240px) 100vw, 240px\" \/><\/figure>\n","protected":false},"excerpt":{"rendered":"<p>Jeg arbeider med hagedesign med fokus p\u00e5 estetikk, funksjon og varige l\u00f8sninger. M\u00e5let er \u00e5 skape uterom som oppleves naturlige, rolige og gjennomf\u00f8rte \u2013 tilpasset b\u00e5de eiendom og mennesker.<\/p>\n","protected":false},"author":1,"featured_media":0,"parent":0,"menu_order":0,"comment_status":"closed","ping_status":"closed","template":"","meta":{"footnotes":""},"class_list":["post-131","page","type-page","status-publish","hentry"],"_links":{"self":[{"href":"https:\/\/hageskatt.no\/index.php\/wp-json\/wp\/v2\/pages\/131","targetHints":{"allow":["GET"]}}],"collection":[{"href":"https:\/\/hageskatt.no\/index.php\/wp-json\/wp\/v2\/pages"}],"about":[{"href":"https:\/\/hageskatt.no\/index.php\/wp-json\/wp\/v2\/types\/page"}],"author":[{"embeddable":true,"href":"https:\/\/hageskatt.no\/index.php\/wp-json\/wp\/v2\/users\/1"}],"replies":[{"embeddable":true,"href":"https:\/\/hageskatt.no\/index.php\/wp-json\/wp\/v2\/comments?post=131"}],"version-history":[{"count":1,"href":"https:\/\/hageskatt.no\/index.php\/wp-json\/wp\/v2\/pages\/131\/revisions"}],"predecessor-version":[{"id":166,"href":"https:\/\/hageskatt.no\/index.php\/wp-json\/wp\/v2\/pages\/131\/revisions\/166"}],"wp:attachment":[{"href":"https:\/\/hageskatt.no\/index.php\/wp-json\/wp\/v2\/media?parent=131"}],"curies":[{"name":"wp","href":"https:\/\/api.w.org\/{rel}","templated":true}]}}